{"id":4,"date":"2015-12-27T13:57:05","date_gmt":"2015-12-27T12:57:05","guid":{"rendered":"http:\/\/biovitamed.localhost\/cookie-policy\/"},"modified":"2016-10-17T12:50:50","modified_gmt":"2016-10-17T10:50:50","slug":"cookie-policy","status":"publish","type":"page","link":"https:\/\/biovitamed.pl\/klub\/cookie-policy\/","title":{"rendered":"Polityka plik\u00f3w cookies"},"content":{"rendered":"<p style=\"text-align: justify;\">Niniejsza Polityka dotyczy plik\u00f3w &#8222;cookies&#8221; i odnosi si\u0119 do stron internetowych, kt\u00f3rych operatorem jest silvergroup Marek Niedziela z siedzib\u0105 w Tarnowie (zwanych dalej: <strong>&#8222;stronami internetowymi&#8221;<\/strong>).<\/p>\n<h3 style=\"text-align: justify;\">Czym s\u0105 pliki &#8222;cookies&#8221; ?<\/h3>\n<p style=\"text-align: justify;\">Poprzez pliki &#8222;cookies&#8221; nale\u017cy rozumie\u0107 dane informatyczne, w szczeg\u00f3lno\u015bci pliki tekstowe, przechowywane w urz\u0105dzeniach ko\u0144cowych U\u017cytkownik\u00f3w (np komputer, smartfon) przeznaczone do korzystania ze stron internetowych. Pliki te pozwalaj\u0105 rozpozna\u0107 urz\u0105dzenie U\u017cytkownika i odpowiednio wy\u015bwietli\u0107 stron\u0119 internetow\u0105 dostosowan\u0105 do jego indywidualnych preferencji. &#8222;Cookies&#8221; zazwyczaj zawieraj\u0105 nazw\u0119 strony internetowej z kt\u00f3rej pochodz\u0105, czas przechowywania ich na urz\u0105dzeniu ko\u0144cowym oraz unikalny numer.<\/p>\n<h3 style=\"text-align: justify;\">Jakich plik\u00f3w &#8222;cookies&#8221; u\u017cywamy ?<\/h3>\n<p style=\"text-align: justify;\">Stosowane s\u0105 pliki &#8222;cookies&#8221; &#8211; &#8222;sesyjne&#8221;, &#8222;sta\u0142e&#8221;.<br \/>\nCookies &#8222;sesyjne&#8221; s\u0105 plikami tymczasowymi, kt\u00f3re pozostaj\u0105 na urz\u0105dzeniu U\u017cytkownika, a\u017c do wylogowania ze strony internetowej lub wy\u0142\u0105czenia oprogramowania (przegl\u0105darki internetowej).<br \/>\nCookies &#8222;sta\u0142e&#8221; pozostaj\u0105 na urz\u0105dzeniu U\u017cytkownika tak d\u0142ugo jak d\u0142ugo maj\u0105 ustawiony czas \u017cycia lub do momentu kiedy U\u017cytkownik usunie je z urz\u0105dzenia.<\/p>\n<h3 style=\"text-align: justify;\">Do czego u\u017cywamy plik\u00f3w &#8222;cookies&#8221; ?<\/h3>\n<p style=\"text-align: justify;\">Pliki &#8222;cookies&#8221; u\u017cywane s\u0105 w celu dostosowania zawarto\u015bci stron internetowych do preferencji U\u017cytkownika oraz optymalizacji (u\u0142atwienia, przyspieszenia) korzystania ze stron internetowych.<\/p>\n<h3 style=\"text-align: justify;\">Usuwanie plik\u00f3w &#8222;cookies&#8221;<\/h3>\n<p style=\"text-align: justify;\">Standardowo oprogramowanie s\u0142u\u017c\u0105ce do przegl\u0105dania stron internetowych domy\u015blnie dopuszcza umieszczanie plik\u00f3w &#8222;cookies&#8221; na urz\u0105dzeniu ko\u0144cowym. Ustawienia te mog\u0105 zosta\u0107 zmienione w taki spos\u00f3b, aby blokowa\u0107 automatyczn\u0105 obs\u0142ug\u0119 plik\u00f3w &#8222;cookies&#8221; w ustawieniach przegl\u0105darki internetowej b\u0119d\u0105 informowa\u0107 o ich ka\u017cdorazowym przes\u0142aniu na urz\u0105dzenie U\u017cytkownika. Szczeg\u00f3\u0142owe informacje o mo\u017cliwo\u015bci i sposobach obs\u0142ugi plik\u00f3w &#8222;cookies&#8221; dost\u0119pne s\u0105 w ustawieniach oprogramowania (przegl\u0105darki internetowej).<br \/>\nOgraniczenie stosowania plik\u00f3w &#8222;cookies&#8221;, mo\u017ce wp\u0142yn\u0105\u0107 na niekt\u00f3re funkcjonalno\u015bci dost\u0119pne na stronie internetowej.<\/p>\n<p style=\"text-align: justify;\">Wi\u0119cej informacji o plikach cookies znajdziesz na stronie <a href=\"http:\/\/wszystkoociasteczkach.pl\/\" rel=\"nofollow\">http:\/\/wszystkoociasteczkach.pl\/<\/a><\/p>\n","protected":false},"excerpt":{"rendered":"<p>Niniejsza Polityka dotyczy plik\u00f3w &#8222;cookies&#8221; i odnosi si\u0119 do stron internetowych, kt\u00f3rych operatorem jest silvergroup Marek Niedziela z siedzib\u0105 w Tarnowie (zwanych dalej: &#8222;stronami internetowymi&#8221;). Czym s\u0105 pliki &#8222;cookies&#8221; ? Poprzez pliki &#8222;cookies&#8221; nale\u017cy rozumie\u0107 dane informatyczne, w szczeg\u00f3lno\u015bci pliki tekstowe, przechowywane w urz\u0105dzeniach ko\u0144cowych U\u017cytkownik\u00f3w (np komputer, smartfon) przeznaczone do korzystania ze stron internetowych. [&hellip;]<\/p>\n","protected":false},"author":1,"featured_media":0,"parent":0,"menu_order":0,"comment_status":"closed","ping_status":"closed","template":"","meta":{"footnotes":""},"class_list":["post-4","page","type-page","status-publish","hentry"],"_links":{"self":[{"href":"https:\/\/biovitamed.pl\/klub\/wp-json\/wp\/v2\/pages\/4"}],"collection":[{"href":"https:\/\/biovitamed.pl\/klub\/wp-json\/wp\/v2\/pages"}],"about":[{"href":"https:\/\/biovitamed.pl\/klub\/wp-json\/wp\/v2\/types\/page"}],"author":[{"embeddable":true,"href":"https:\/\/biovitamed.pl\/klub\/wp-json\/wp\/v2\/users\/1"}],"replies":[{"embeddable":true,"href":"https:\/\/biovitamed.pl\/klub\/wp-json\/wp\/v2\/comments?post=4"}],"version-history":[{"count":0,"href":"https:\/\/biovitamed.pl\/klub\/wp-json\/wp\/v2\/pages\/4\/revisions"}],"wp:attachment":[{"href":"https:\/\/biovitamed.pl\/klub\/wp-json\/wp\/v2\/media?parent=4"}],"curies":[{"name":"wp","href":"https:\/\/api.w.org\/{rel}","templated":true}]}}